{"id":84,"date":"2026-02-24T11:03:04","date_gmt":"2026-02-24T11:03:04","guid":{"rendered":"https:\/\/elenaelzaurdia.fpcei.eu\/?page_id=84"},"modified":"2026-03-03T08:52:30","modified_gmt":"2026-03-03T08:52:30","slug":"love-on-tour","status":"publish","type":"page","link":"https:\/\/elenaelzaurdia.fpcei.eu\/?page_id=84","title":{"rendered":"LOVE ON TOUR"},"content":{"rendered":"\n<p>El <strong>Love On Tour<\/strong> fue la gira mundial de Harry Styles, organizada para promocionar sus \u00e1lbumes <em>Fine Line<\/em> y posteriormente <em>Harry\u2019s House<\/em>. El tour comenz\u00f3 en 2021 y se extendi\u00f3 hasta 2023, recorriendo Norteam\u00e9rica, Europa, Latinoam\u00e9rica y Australia, con decenas de conciertos en estadios y arenas de gran capacidad. Desde sus primeras fechas, la gira destac\u00f3 por su puesta en escena colorida, una banda en vivo muy s\u00f3lida y un estilo visual llamativo caracterizado por vestuarios brillantes, trajes personalizados y una fuerte interacci\u00f3n con el p\u00fablico.<\/p>\n\n\n\n<p>Uno de los momentos m\u00e1s importantes del tour fue la extensa residencia en el <strong>Madison Square Garden<\/strong> en Nueva York, donde Harry Styles realiz\u00f3 15 conciertos consecutivos con entradas agotadas, estableciendo un r\u00e9cord hist\u00f3rico en el recinto. Este logro consolid\u00f3 su posici\u00f3n como uno de los artistas m\u00e1s influyentes de su generaci\u00f3n. Adem\u00e1s, la gira incluy\u00f3 m\u00faltiples noches en ciudades clave como Los \u00c1ngeles, Londres y Ciudad de M\u00e9xico, donde las entradas se agotaron en cuesti\u00f3n de minutos.<\/p>\n\n\n\n<p>En cuanto a repercusi\u00f3n econ\u00f3mica, Love On Tour fue una de las giras m\u00e1s exitosas de la d\u00e9cada, recaudando cientos de millones de d\u00f3lares a nivel mundial y posicion\u00e1ndose entre las m\u00e1s lucrativas de esos a\u00f1os. La demanda fue tan alta que en varias ciudades se a\u00f1adieron fechas adicionales. A nivel cultural, el tour tambi\u00e9n tuvo un fuerte impacto en redes sociales, donde los atuendos del cantante y del p\u00fablico se volvieron tendencia constante, as\u00ed como los momentos espont\u00e1neos en los que interactuaba con fans leyendo carteles o ayudando a organizar propuestas de matrimonio durante los conciertos.<\/p>\n\n\n\n<p>Musicalmente, el espect\u00e1culo combin\u00f3 baladas, himnos pop y canciones energ\u00e9ticas, con temas como \u201cWatermelon Sugar\u201d, \u201cAs It Was\u201d y \u201cSign of the Times\u201d convirti\u00e9ndose en puntos culminantes de cada noche. La cr\u00edtica destac\u00f3 la calidad vocal de Styles en directo, la conexi\u00f3n genuina con la audiencia y la atm\u00f3sfera festiva que se viv\u00eda en cada presentaci\u00f3n.<\/p>\n\n\n\n<p>En resumen, Love On Tour no solo fue una gira para promocionar discos, sino un fen\u00f3meno global que reforz\u00f3 la imagen de Harry Styles como artista completo y referente del pop actual. Su \u00e9xito comercial, r\u00e9cords en recintos emblem\u00e1ticos y gran presencia medi\u00e1tica demostraron que se trat\u00f3 de uno de los tours m\u00e1s importantes y comentados de los \u00faltimos a\u00f1os.<\/p>\n\n\n\n<figure class=\"wp-block-image\"><img decoding=\"async\" src=\"https:\/\/i.pinimg.com\/736x\/43\/b0\/b6\/43b0b6622b7ed41246dd4d9a52118e85.jpg\" alt=\"LOT poster!!!\"\/><\/figure>\n\n\n\n<div data-wp-interactive=\"core\/file\" class=\"wp-block-file\"><object data-wp-bind--hidden=\"!state.hasPdfPreview\" hidden class=\"wp-block-file__embed\" data=\"https:\/\/elenaelzaurdia.fpcei.eu\/wp-content\/uploads\/2026\/03\/FINE-LINE-SIGNIFICADO.pdf\" type=\"application\/pdf\" style=\"width:100%;height:360px\" aria-label=\"Incrustado de FINE LINE SIGNIFICADO.\"><\/object><a id=\"wp-block-file--media-5d10802a-3403-44a2-8671-76a8bb17adb2\" href=\"https:\/\/elenaelzaurdia.fpcei.eu\/wp-content\/uploads\/2026\/03\/FINE-LINE-SIGNIFICADO.pdf\">FINE LINE SIGNIFICADO<\/a><a href=\"https:\/\/elenaelzaurdia.fpcei.eu\/wp-content\/uploads\/2026\/03\/FINE-LINE-SIGNIFICADO.pdf\" class=\"wp-block-file__button wp-element-button\" download aria-describedby=\"wp-block-file--media-5d10802a-3403-44a2-8671-76a8bb17adb2\">Descarga<\/a><\/div>\n","protected":false},"excerpt":{"rendered":"<p>El Love On Tour fue la gira mundial de Harry Styles, organizada para promocionar sus \u00e1lbumes Fine Line y posteriormente Harry\u2019s House. El tour comenz\u00f3 en 2021 y se extendi\u00f3 hasta 2023, recorriendo Norteam\u00e9rica, Europa, Latinoam\u00e9rica y Australia, con decenas de conciertos en estadios y arenas de gran capacidad. Desde sus primeras fechas, la gira [&hellip;]<\/p>\n","protected":false},"author":2,"featured_media":0,"parent":0,"menu_order":0,"comment_status":"closed","ping_status":"closed","template":"","meta":{"footnotes":""},"class_list":["post-84","page","type-page","status-publish","hentry"],"_links":{"self":[{"href":"https:\/\/elenaelzaurdia.fpcei.eu\/index.php?rest_route=\/wp\/v2\/pages\/84","targetHints":{"allow":["GET"]}}],"collection":[{"href":"https:\/\/elenaelzaurdia.fpcei.eu\/index.php?rest_route=\/wp\/v2\/pages"}],"about":[{"href":"https:\/\/elenaelzaurdia.fpcei.eu\/index.php?rest_route=\/wp\/v2\/types\/page"}],"author":[{"embeddable":true,"href":"https:\/\/elenaelzaurdia.fpcei.eu\/index.php?rest_route=\/wp\/v2\/users\/2"}],"replies":[{"embeddable":true,"href":"https:\/\/elenaelzaurdia.fpcei.eu\/index.php?rest_route=%2Fwp%2Fv2%2Fcomments&post=84"}],"version-history":[{"count":3,"href":"https:\/\/elenaelzaurdia.fpcei.eu\/index.php?rest_route=\/wp\/v2\/pages\/84\/revisions"}],"predecessor-version":[{"id":116,"href":"https:\/\/elenaelzaurdia.fpcei.eu\/index.php?rest_route=\/wp\/v2\/pages\/84\/revisions\/116"}],"wp:attachment":[{"href":"https:\/\/elenaelzaurdia.fpcei.eu\/index.php?rest_route=%2Fwp%2Fv2%2Fmedia&parent=84"}],"curies":[{"name":"wp","href":"https:\/\/api.w.org\/{rel}","templated":true}]}}