{"id":79,"date":"2026-02-24T10:53:05","date_gmt":"2026-02-24T10:53:05","guid":{"rendered":"https:\/\/elenaelzaurdia.fpcei.eu\/?page_id=79"},"modified":"2026-02-24T10:53:05","modified_gmt":"2026-02-24T10:53:05","slug":"carrera-cinematografica","status":"publish","type":"page","link":"https:\/\/elenaelzaurdia.fpcei.eu\/?page_id=79","title":{"rendered":"CARRERA CINEMATOGR\u00c1FICA"},"content":{"rendered":"\n<p>Harry Styles ha construido una carrera como actor que complementa su \u00e9xito en la m\u00fasica, demostrando inter\u00e9s por el cine y por asumir retos en la gran pantalla. Su debut cinematogr\u00e1fico lleg\u00f3 en 2017 con <strong>Dunkirk<\/strong>, la pel\u00edcula b\u00e9lica dirigida por Christopher Nolan, donde interpret\u00f3 a Alex, un joven soldado brit\u00e1nico atrapado en la evacuaci\u00f3n de Dunkerque durante la Segunda Guerra Mundial. Aunque al principio su participaci\u00f3n gener\u00f3 curiosidad por tratarse de un cantante dando el salto al cine, su actuaci\u00f3n recibi\u00f3 cr\u00edticas positivas y demostr\u00f3 que pod\u00eda integrarse en una producci\u00f3n de gran escala con un enfoque serio y realista.<\/p>\n\n\n\n<p>Tras ese debut, Styles continu\u00f3 form\u00e1ndose y seleccionando proyectos que le permitieran explorar distintos g\u00e9neros. En 2022 protagoniz\u00f3 el thriller psicol\u00f3gico <strong>Don&#8217;t Worry Darling<\/strong>, dirigido por Olivia Wilde, donde comparti\u00f3 pantalla con Florence Pugh. En esta pel\u00edcula interpret\u00f3 a Jack, un personaje complejo dentro de una historia ambientada en una comunidad aparentemente perfecta de los a\u00f1os 50. Ese mismo a\u00f1o tambi\u00e9n particip\u00f3 en el drama rom\u00e1ntico <strong>My Policeman<\/strong>, basado en la novela de Bethan Roberts, donde dio vida a Tom Burgess, un polic\u00eda que vive un conflicto emocional en la Inglaterra de mediados del siglo XX. Este papel le permiti\u00f3 mostrar un registro m\u00e1s sensible y profundo, alej\u00e1ndose del cine de acci\u00f3n o suspenso.<\/p>\n\n\n\n<p>A trav\u00e9s de estos proyectos, Harry Styles ha trabajado con directores reconocidos y ha asumido personajes variados, desde un soldado en plena guerra hasta protagonistas de historias psicol\u00f3gicas y rom\u00e1nticas. Aunque su carrera actoral es m\u00e1s reciente en comparaci\u00f3n con su trayectoria musical, ha demostrado compromiso con la interpretaci\u00f3n y una clara intenci\u00f3n de consolidarse en la industria cinematogr\u00e1fica, ampliando as\u00ed su perfil art\u00edstico y explorando nuevas facetas dentro del mundo del entretenimiento.<\/p>\n\n\n\n<div class=\"wp-block-columns is-layout-flex wp-container-core-columns-is-layout-28f84493 wp-block-columns-is-layout-flex\">\n<div class=\"wp-block-column is-layout-flow wp-block-column-is-layout-flow\">\n<figure class=\"wp-block-image is-resized\"><img decoding=\"async\" src=\"https:\/\/encrypted-tbn0.gstatic.com\/images?q=tbn:ANd9GcS46nIZLwoAtHEiZpRv_Ccx7rhyq3WgMO6lpg&amp;s\" alt=\"Mi polic\u00eda (2022) - IMDb\" style=\"aspect-ratio:0.6740289855072463;width:153px;height:auto\"\/><\/figure>\n<\/div>\n\n\n\n<div class=\"wp-block-column is-layout-flow wp-block-column-is-layout-flow\">\n<figure class=\"wp-block-image size-full is-resized\"><img loading=\"lazy\" decoding=\"async\" width=\"194\" height=\"259\" src=\"https:\/\/elenaelzaurdia.fpcei.eu\/wp-content\/uploads\/2026\/02\/image-1.jpeg\" alt=\"\" class=\"wp-image-81\" style=\"aspect-ratio:0.7490658420306662;width:172px;height:auto\"\/><\/figure>\n<\/div>\n\n\n\n<div class=\"wp-block-column is-layout-flow wp-block-column-is-layout-flow\">\n<figure class=\"wp-block-image\"><img decoding=\"async\" src=\"https:\/\/i.pinimg.com\/736x\/10\/63\/1c\/10631c957d29bec2904e53a372efbba2.jpg\" alt=\"Seguro sera la mejor pelicula Vandra la pena verla por el simple hecho de  qie estara Harry Stiles\"\/><\/figure>\n<\/div>\n<\/div>\n\n\n\n<p><\/p>\n","protected":false},"excerpt":{"rendered":"<p>Harry Styles ha construido una carrera como actor que complementa su \u00e9xito en la m\u00fasica, demostrando inter\u00e9s por el cine y por asumir retos en la gran pantalla. Su debut cinematogr\u00e1fico lleg\u00f3 en 2017 con Dunkirk, la pel\u00edcula b\u00e9lica dirigida por Christopher Nolan, donde interpret\u00f3 a Alex, un joven soldado brit\u00e1nico atrapado en la evacuaci\u00f3n [&hellip;]<\/p>\n","protected":false},"author":2,"featured_media":0,"parent":0,"menu_order":0,"comment_status":"closed","ping_status":"closed","template":"","meta":{"footnotes":""},"class_list":["post-79","page","type-page","status-publish","hentry"],"_links":{"self":[{"href":"https:\/\/elenaelzaurdia.fpcei.eu\/index.php?rest_route=\/wp\/v2\/pages\/79","targetHints":{"allow":["GET"]}}],"collection":[{"href":"https:\/\/elenaelzaurdia.fpcei.eu\/index.php?rest_route=\/wp\/v2\/pages"}],"about":[{"href":"https:\/\/elenaelzaurdia.fpcei.eu\/index.php?rest_route=\/wp\/v2\/types\/page"}],"author":[{"embeddable":true,"href":"https:\/\/elenaelzaurdia.fpcei.eu\/index.php?rest_route=\/wp\/v2\/users\/2"}],"replies":[{"embeddable":true,"href":"https:\/\/elenaelzaurdia.fpcei.eu\/index.php?rest_route=%2Fwp%2Fv2%2Fcomments&post=79"}],"version-history":[{"count":1,"href":"https:\/\/elenaelzaurdia.fpcei.eu\/index.php?rest_route=\/wp\/v2\/pages\/79\/revisions"}],"predecessor-version":[{"id":83,"href":"https:\/\/elenaelzaurdia.fpcei.eu\/index.php?rest_route=\/wp\/v2\/pages\/79\/revisions\/83"}],"wp:attachment":[{"href":"https:\/\/elenaelzaurdia.fpcei.eu\/index.php?rest_route=%2Fwp%2Fv2%2Fmedia&parent=79"}],"curies":[{"name":"wp","href":"https:\/\/api.w.org\/{rel}","templated":true}]}}