{"id":6,"date":"2026-01-27T11:05:58","date_gmt":"2026-01-27T11:05:58","guid":{"rendered":"https:\/\/elenaelzaurdia.fpcei.eu\/?page_id=6"},"modified":"2026-03-03T08:51:14","modified_gmt":"2026-03-03T08:51:14","slug":"harry-styles","status":"publish","type":"page","link":"https:\/\/elenaelzaurdia.fpcei.eu\/?page_id=6","title":{"rendered":"CURIOSIDADES"},"content":{"rendered":"\n<p><\/p>\n\n\n\n<p><a href=\"chatgpt:\/\/generic-entity?number=0\">Harry Styles<\/a> es conocido mundialmente por su m\u00fasica y su estilo \u00fanico, pero m\u00e1s all\u00e1 de los escenarios hay muchos detalles curiosos sobre su personalidad y su vida cotidiana que lo hacen a\u00fan m\u00e1s interesante.<\/p>\n\n\n\n<p>Uno de los aspectos m\u00e1s comentados sobre Harry son sus tatuajes. Tiene m\u00e1s de 40 repartidos por todo el cuerpo, y muchos de ellos tienen significados personales. Uno de los m\u00e1s llamativos es la gran mariposa que lleva en el abdomen, que muchos interpretan como un s\u00edmbolo de transformaci\u00f3n y crecimiento. Tambi\u00e9n tiene un barco tatuado en el brazo, una golondrina en el pecho y varios dise\u00f1os peque\u00f1os dedicados a su familia.<\/p>\n\n\n\n<p>Un dato que \u00e9l mismo confirm\u00f3 con naturalidad es que tiene cuatro pezones. Se trata de una condici\u00f3n llamada politelia, algo poco com\u00fan pero completamente inofensivo. Harry lo ha mencionado en entrevistas con total naturalidad, demostrando su sentido del humor.<\/p>\n\n\n\n<p>En cuanto a man\u00edas, ha contado que no le gusta dormir completamente a oscuras y que prefiere dejar una luz encendida. Tambi\u00e9n ha admitido que, aunque no lo parezca, le dan miedo las monta\u00f1as rusas, algo curioso teniendo en cuenta que puede actuar frente a estadios llenos sin problema.<\/p>\n\n\n\n<p>Otro detalle muy caracter\u00edstico es su gusto por pintarse las u\u00f1as. Suele llevar colores llamativos y dise\u00f1os divertidos, algo que forma parte de su estilo personal. De hecho, lanz\u00f3 su propia marca de belleza llamada <a href=\"chatgpt:\/\/generic-entity?number=1\">Pleasing<\/a>, centrada en esmaltes y productos de cuidado personal.<\/p>\n\n\n\n<p>Harry tambi\u00e9n es conocido por su humor algo absurdo y por hacer bromas inesperadas durante entrevistas. No es especialmente fan de los videojuegos y prefiere pasar su tiempo escuchando m\u00fasica, viendo pel\u00edculas o simplemente relaj\u00e1ndose.<\/p>\n\n\n\n<p><\/p>\n","protected":false},"excerpt":{"rendered":"<p>Harry Styles es conocido mundialmente por su m\u00fasica y su estilo \u00fanico, pero m\u00e1s all\u00e1 de los escenarios hay muchos detalles curiosos sobre su personalidad y su vida cotidiana que lo hacen a\u00fan m\u00e1s interesante. Uno de los aspectos m\u00e1s comentados sobre Harry son sus tatuajes. Tiene m\u00e1s de 40 repartidos por todo el cuerpo, [&hellip;]<\/p>\n","protected":false},"author":2,"featured_media":0,"parent":0,"menu_order":0,"comment_status":"closed","ping_status":"closed","template":"","meta":{"footnotes":""},"class_list":["post-6","page","type-page","status-publish","hentry"],"_links":{"self":[{"href":"https:\/\/elenaelzaurdia.fpcei.eu\/index.php?rest_route=\/wp\/v2\/pages\/6","targetHints":{"allow":["GET"]}}],"collection":[{"href":"https:\/\/elenaelzaurdia.fpcei.eu\/index.php?rest_route=\/wp\/v2\/pages"}],"about":[{"href":"https:\/\/elenaelzaurdia.fpcei.eu\/index.php?rest_route=\/wp\/v2\/types\/page"}],"author":[{"embeddable":true,"href":"https:\/\/elenaelzaurdia.fpcei.eu\/index.php?rest_route=\/wp\/v2\/users\/2"}],"replies":[{"embeddable":true,"href":"https:\/\/elenaelzaurdia.fpcei.eu\/index.php?rest_route=%2Fwp%2Fv2%2Fcomments&post=6"}],"version-history":[{"count":7,"href":"https:\/\/elenaelzaurdia.fpcei.eu\/index.php?rest_route=\/wp\/v2\/pages\/6\/revisions"}],"predecessor-version":[{"id":113,"href":"https:\/\/elenaelzaurdia.fpcei.eu\/index.php?rest_route=\/wp\/v2\/pages\/6\/revisions\/113"}],"wp:attachment":[{"href":"https:\/\/elenaelzaurdia.fpcei.eu\/index.php?rest_route=%2Fwp%2Fv2%2Fmedia&parent=6"}],"curies":[{"name":"wp","href":"https:\/\/api.w.org\/{rel}","templated":true}]}}