{"id":43,"date":"2026-02-24T10:42:50","date_gmt":"2026-02-24T10:42:50","guid":{"rendered":"https:\/\/elenaelzaurdia.fpcei.eu\/?page_id=43"},"modified":"2026-02-24T10:48:14","modified_gmt":"2026-02-24T10:48:14","slug":"pleasing","status":"publish","type":"page","link":"https:\/\/elenaelzaurdia.fpcei.eu\/?page_id=43","title":{"rendered":"PLEASING"},"content":{"rendered":"\n<p><strong>Pleasing<\/strong> es la marca de cosm\u00e9ticos fundada por Harry Styles en 2021, que r\u00e1pidamente se posicion\u00f3 como una propuesta moderna dentro de la industria de la belleza. La marca debut\u00f3 principalmente con una colecci\u00f3n de esmaltes de u\u00f1as de diferentes colores y acabados, caracterizados por su dise\u00f1o elegante y minimalista, y m\u00e1s adelante ampli\u00f3 su cat\u00e1logo para incluir productos de cuidado de la piel como serums, brumas faciales, b\u00e1lsamos y cremas hidratantes, adem\u00e1s de algunos art\u00edculos de maquillaje. Los productos de Pleasing suelen destacar por sus f\u00f3rmulas veganas y libres de crueldad animal, as\u00ed como por el cuidado en la presentaci\u00f3n, con envases llamativos pero sofisticados que reflejan una est\u00e9tica contempor\u00e1nea. La empresa realiza lanzamientos por colecciones y ediciones limitadas, muchas veces acompa\u00f1adas de campa\u00f1as visuales creativas que generan gran expectativa entre los seguidores del artista. Adem\u00e1s, la marca opera principalmente a trav\u00e9s de su tienda en l\u00ednea oficial, donde distribuye sus productos a distintos pa\u00edses. En pocos a\u00f1os, Pleasing ha logrado consolidarse como un proyecto empresarial s\u00f3lido dentro del mundo de la cosm\u00e9tica, combinando tendencias actuales, dise\u00f1o atractivo y una estrategia de marketing muy ligada a la imagen p\u00fablica y estilo caracter\u00edstico de Harry Styles.<br><\/p>\n\n\n\n<figure class=\"wp-block-image\"><img decoding=\"async\" src=\"https:\/\/media.fashionnetwork.com\/cdn-cgi\/image\/fit=contain,width=1000,height=1000,format=auto\/m\/89e9\/4815\/388d\/bd06\/1118\/4b49\/fb4e\/bf2f\/f47d\/a010\/a010.jpeg\" alt=\"Harry Styles lanza la marca de belleza Pleasing - FashionNetwork Espa\u00f1a\"\/><\/figure>\n\n\n\n<p><\/p>\n","protected":false},"excerpt":{"rendered":"<p>Pleasing es la marca de cosm\u00e9ticos fundada por Harry Styles en 2021, que r\u00e1pidamente se posicion\u00f3 como una propuesta moderna dentro de la industria de la belleza. La marca debut\u00f3 principalmente con una colecci\u00f3n de esmaltes de u\u00f1as de diferentes colores y acabados, caracterizados por su dise\u00f1o elegante y minimalista, y m\u00e1s adelante ampli\u00f3 su [&hellip;]<\/p>\n","protected":false},"author":2,"featured_media":0,"parent":0,"menu_order":0,"comment_status":"closed","ping_status":"closed","template":"","meta":{"footnotes":""},"class_list":["post-43","page","type-page","status-publish","hentry"],"_links":{"self":[{"href":"https:\/\/elenaelzaurdia.fpcei.eu\/index.php?rest_route=\/wp\/v2\/pages\/43","targetHints":{"allow":["GET"]}}],"collection":[{"href":"https:\/\/elenaelzaurdia.fpcei.eu\/index.php?rest_route=\/wp\/v2\/pages"}],"about":[{"href":"https:\/\/elenaelzaurdia.fpcei.eu\/index.php?rest_route=\/wp\/v2\/types\/page"}],"author":[{"embeddable":true,"href":"https:\/\/elenaelzaurdia.fpcei.eu\/index.php?rest_route=\/wp\/v2\/users\/2"}],"replies":[{"embeddable":true,"href":"https:\/\/elenaelzaurdia.fpcei.eu\/index.php?rest_route=%2Fwp%2Fv2%2Fcomments&post=43"}],"version-history":[{"count":2,"href":"https:\/\/elenaelzaurdia.fpcei.eu\/index.php?rest_route=\/wp\/v2\/pages\/43\/revisions"}],"predecessor-version":[{"id":78,"href":"https:\/\/elenaelzaurdia.fpcei.eu\/index.php?rest_route=\/wp\/v2\/pages\/43\/revisions\/78"}],"wp:attachment":[{"href":"https:\/\/elenaelzaurdia.fpcei.eu\/index.php?rest_route=%2Fwp%2Fv2%2Fmedia&parent=43"}],"curies":[{"name":"wp","href":"https:\/\/api.w.org\/{rel}","templated":true}]}}