{"id":30,"date":"2026-02-03T10:41:47","date_gmt":"2026-02-03T10:41:47","guid":{"rendered":"https:\/\/elenaelzaurdia.fpcei.eu\/?page_id=30"},"modified":"2026-02-03T10:41:56","modified_gmt":"2026-02-03T10:41:56","slug":"albumes-y-premios","status":"publish","type":"page","link":"https:\/\/elenaelzaurdia.fpcei.eu\/?page_id=30","title":{"rendered":"\u00c1LBUMES Y PREMIOS"},"content":{"rendered":"\n<p>En 2017 lanz\u00f3 su primer \u00e1lbum, <em>Harry Styles<\/em>, con un estilo influenciado por el rock cl\u00e1sico. De este disco destac\u00f3 el sencillo <em>Sign of the Times<\/em>, que fue un \u00e9xito mundial y marc\u00f3 el inicio de su nueva etapa fuera de One Direction.<\/p>\n\n\n\n<p>En 2019 public\u00f3 su segundo \u00e1lbum, <em>Fine Line<\/em>, que mostr\u00f3 una faceta m\u00e1s variada y experimental. Canciones como <em>Watermelon Sugar<\/em>, <em>Adore You<\/em> y <em>Lights Up<\/em> alcanzaron gran popularidad, convirti\u00e9ndose en \u00e9xitos internacionales. <em>Watermelon Sugar<\/em> le otorg\u00f3 su primer <strong>Premio Grammy<\/strong> como Mejor Interpretaci\u00f3n Pop Solista.<\/p>\n\n\n\n<p>Su tercer \u00e1lbum, <em>Harry\u2019s House<\/em> (2022), consolid\u00f3 definitivamente su carrera en solitario. El disco fue muy bien recibido por la cr\u00edtica y el p\u00fablico, destacando temas como <em>As It Was<\/em>, una de las canciones m\u00e1s escuchadas a nivel mundial. Gracias a este \u00e1lbum, Harry gan\u00f3 el <strong>Grammy a \u00c1lbum del A\u00f1o<\/strong>, uno de los premios m\u00e1s importantes de la industria musical. <\/p>\n\n\n\n<p>Y pr\u00f3ximamente sacar\u00e1 su nuevo \u00e1lbum Kiss all the time, Disco ocasionally, el 6 de marzo de 2026. <\/p>\n\n\n\n<p>A lo largo de su trayectoria, Harry Styles ha recibido numerosos premios, incluidos <strong>Grammy Awards<\/strong>, <strong>Brit Awards<\/strong>, <strong>American Music Awards<\/strong> y <strong>MTV Awards<\/strong>. Sus \u00e1lbumes han encabezado listas internacionales y han sido reconocidos por su calidad musical, convirti\u00e9ndolo en uno de los artistas m\u00e1s influyentes y exitosos de su generaci\u00f3n.<\/p>\n\n\n\n<figure class=\"wp-block-image size-full\"><img loading=\"lazy\" decoding=\"async\" width=\"640\" height=\"640\" src=\"https:\/\/elenaelzaurdia.fpcei.eu\/wp-content\/uploads\/2026\/02\/all-4-harry-styles-covers-look-so-good-together-v0-78zmwpyh4kdg1.webp\" alt=\"\" class=\"wp-image-31\" srcset=\"https:\/\/elenaelzaurdia.fpcei.eu\/wp-content\/uploads\/2026\/02\/all-4-harry-styles-covers-look-so-good-together-v0-78zmwpyh4kdg1.webp 640w, https:\/\/elenaelzaurdia.fpcei.eu\/wp-content\/uploads\/2026\/02\/all-4-harry-styles-covers-look-so-good-together-v0-78zmwpyh4kdg1-300x300.webp 300w, https:\/\/elenaelzaurdia.fpcei.eu\/wp-content\/uploads\/2026\/02\/all-4-harry-styles-covers-look-so-good-together-v0-78zmwpyh4kdg1-150x150.webp 150w\" sizes=\"auto, (max-width: 640px) 100vw, 640px\" \/><\/figure>\n","protected":false},"excerpt":{"rendered":"<p>En 2017 lanz\u00f3 su primer \u00e1lbum, Harry Styles, con un estilo influenciado por el rock cl\u00e1sico. De este disco destac\u00f3 el sencillo Sign of the Times, que fue un \u00e9xito mundial y marc\u00f3 el inicio de su nueva etapa fuera de One Direction. En 2019 public\u00f3 su segundo \u00e1lbum, Fine Line, que mostr\u00f3 una faceta [&hellip;]<\/p>\n","protected":false},"author":2,"featured_media":0,"parent":0,"menu_order":0,"comment_status":"closed","ping_status":"closed","template":"","meta":{"footnotes":""},"class_list":["post-30","page","type-page","status-publish","hentry"],"_links":{"self":[{"href":"https:\/\/elenaelzaurdia.fpcei.eu\/index.php?rest_route=\/wp\/v2\/pages\/30","targetHints":{"allow":["GET"]}}],"collection":[{"href":"https:\/\/elenaelzaurdia.fpcei.eu\/index.php?rest_route=\/wp\/v2\/pages"}],"about":[{"href":"https:\/\/elenaelzaurdia.fpcei.eu\/index.php?rest_route=\/wp\/v2\/types\/page"}],"author":[{"embeddable":true,"href":"https:\/\/elenaelzaurdia.fpcei.eu\/index.php?rest_route=\/wp\/v2\/users\/2"}],"replies":[{"embeddable":true,"href":"https:\/\/elenaelzaurdia.fpcei.eu\/index.php?rest_route=%2Fwp%2Fv2%2Fcomments&post=30"}],"version-history":[{"count":2,"href":"https:\/\/elenaelzaurdia.fpcei.eu\/index.php?rest_route=\/wp\/v2\/pages\/30\/revisions"}],"predecessor-version":[{"id":33,"href":"https:\/\/elenaelzaurdia.fpcei.eu\/index.php?rest_route=\/wp\/v2\/pages\/30\/revisions\/33"}],"wp:attachment":[{"href":"https:\/\/elenaelzaurdia.fpcei.eu\/index.php?rest_route=%2Fwp%2Fv2%2Fmedia&parent=30"}],"curies":[{"name":"wp","href":"https:\/\/api.w.org\/{rel}","templated":true}]}}