{"id":27,"date":"2026-02-03T10:35:08","date_gmt":"2026-02-03T10:35:08","guid":{"rendered":"https:\/\/elenaelzaurdia.fpcei.eu\/?page_id=27"},"modified":"2026-03-03T09:57:35","modified_gmt":"2026-03-03T09:57:35","slug":"one-direction","status":"publish","type":"page","link":"https:\/\/elenaelzaurdia.fpcei.eu\/?page_id=27","title":{"rendered":"ONE DIRECTION"},"content":{"rendered":"\n<div class=\"wp-block-columns alignwide is-style-section-1 is-layout-flex wp-container-core-columns-is-layout-28f84493 wp-block-columns-is-layout-flex is-style-section-1--1\">\n<div class=\"wp-block-column is-layout-flow wp-block-column-is-layout-flow\">\n<div class=\"wp-block-columns is-layout-flex wp-container-core-columns-is-layout-28f84493 wp-block-columns-is-layout-flex\">\n<div class=\"wp-block-column is-layout-flow wp-block-column-is-layout-flow\" style=\"flex-basis:33.33%\"><\/div>\n\n\n\n<div class=\"wp-block-column is-layout-flow wp-block-column-is-layout-flow\" style=\"flex-basis:66.66%\">\n<p class=\"has-text-align-center\"><strong>One Direction<\/strong> fue una de las bandas m\u00e1s exitosas de la m\u00fasica pop del siglo XXI. Se form\u00f3 en 2010 durante el programa <em>The X Factor<\/em> del Reino Unido, cuando cinco j\u00f3venes: <strong>Harry Styles, Niall Horan, Liam Payne, Louis Tomlinson y Zayn Malik<\/strong>, fueron reunidos por los jueces tras presentarse como solistas. Aunque no ganaron el concurso, su conexi\u00f3n y talento los llev\u00f3 r\u00e1pidamente a la fama.<\/p>\n\n\n\n<div class=\"wp-block-group is-nowrap is-layout-flex wp-container-core-group-is-layout-6c531013 wp-block-group-is-layout-flex\">\n<p class=\"has-text-align-center\">El grupo lanz\u00f3 cinco \u00e1lbumes de estudio: <em>Up All Night<\/em>, <em>Take Me Home<\/em>, <em>Midnight Memories<\/em>, <em>Four<\/em> y <em>Made in the A.M.<\/em>, todos con gran \u00e9xito internacional. Realizaron numerosas giras mundiales, como el <em>Up All Night Tour<\/em>, <em>Take Me Home Tour<\/em>, <em>Where We Are Tour<\/em> y <em>On the Road Again Tour<\/em>, llenando estadios y conectando con millones de fans alrededor del mundo. Cada integrante aport\u00f3 algo \u00fanico a la banda. Niall destac\u00f3 por su energ\u00eda y su habilidad con la guitarra; Liam por su potencia vocal; Louis por su estilo y liderazgo; y Zayn por su rango vocal y tono distintivo. <strong>Harry Styles<\/strong>, por su parte, se convirti\u00f3 en una de las figuras m\u00e1s visibles del grupo gracias a su carisma, su voz y su presencia en el escenario. Con el paso del tiempo, tambi\u00e9n comenz\u00f3 a participar m\u00e1s activamente en la composici\u00f3n de canciones y a definir un estilo propio dentro de la banda.<\/p>\n<\/div>\n\n\n\n<p class=\"has-text-align-center\">En 2015, Zayn Malik decidi\u00f3 dejar el grupo, y One Direction continu\u00f3 como cuarteto hasta 2016, cuando anunciaron una pausa indefinida. A pesar de su separaci\u00f3n, el impacto de la banda sigue vigente. Para Harry, One Direction fue una etapa clave que le permiti\u00f3 crecer art\u00edstica y personalmente, sentando las bases de la exitosa carrera que desarrollar\u00eda despu\u00e9s como solista.<\/p>\n<\/div>\n<\/div>\n<\/div>\n\n\n\n<div class=\"wp-block-column is-layout-flow wp-block-column-is-layout-flow\">\n<figure class=\"wp-block-gallery has-nested-images columns-default is-cropped wp-block-gallery-2 is-layout-flex wp-block-gallery-is-layout-flex\">\n<figure class=\"wp-block-image size-large is-resized\"><img loading=\"lazy\" decoding=\"async\" width=\"409\" height=\"600\" data-id=\"28\" src=\"https:\/\/elenaelzaurdia.fpcei.eu\/wp-content\/uploads\/2026\/02\/9de2a7cdc3bfce8057d42397e5832e06.jpg\" alt=\"\" class=\"wp-image-28\" style=\"width:645px;height:auto\" srcset=\"https:\/\/elenaelzaurdia.fpcei.eu\/wp-content\/uploads\/2026\/02\/9de2a7cdc3bfce8057d42397e5832e06.jpg 409w, https:\/\/elenaelzaurdia.fpcei.eu\/wp-content\/uploads\/2026\/02\/9de2a7cdc3bfce8057d42397e5832e06-205x300.jpg 205w\" sizes=\"auto, (max-width: 409px) 100vw, 409px\" \/><\/figure>\n<\/figure>\n<\/div>\n<\/div>\n","protected":false},"excerpt":{"rendered":"<p>One Direction fue una de las bandas m\u00e1s exitosas de la m\u00fasica pop del siglo XXI. Se form\u00f3 en 2010 durante el programa The X Factor del Reino Unido, cuando cinco j\u00f3venes: Harry Styles, Niall Horan, Liam Payne, Louis Tomlinson y Zayn Malik, fueron reunidos por los jueces tras presentarse como solistas. Aunque no ganaron [&hellip;]<\/p>\n","protected":false},"author":2,"featured_media":0,"parent":0,"menu_order":0,"comment_status":"closed","ping_status":"closed","template":"","meta":{"footnotes":""},"class_list":["post-27","page","type-page","status-publish","hentry"],"_links":{"self":[{"href":"https:\/\/elenaelzaurdia.fpcei.eu\/index.php?rest_route=\/wp\/v2\/pages\/27","targetHints":{"allow":["GET"]}}],"collection":[{"href":"https:\/\/elenaelzaurdia.fpcei.eu\/index.php?rest_route=\/wp\/v2\/pages"}],"about":[{"href":"https:\/\/elenaelzaurdia.fpcei.eu\/index.php?rest_route=\/wp\/v2\/types\/page"}],"author":[{"embeddable":true,"href":"https:\/\/elenaelzaurdia.fpcei.eu\/index.php?rest_route=\/wp\/v2\/users\/2"}],"replies":[{"embeddable":true,"href":"https:\/\/elenaelzaurdia.fpcei.eu\/index.php?rest_route=%2Fwp%2Fv2%2Fcomments&post=27"}],"version-history":[{"count":3,"href":"https:\/\/elenaelzaurdia.fpcei.eu\/index.php?rest_route=\/wp\/v2\/pages\/27\/revisions"}],"predecessor-version":[{"id":120,"href":"https:\/\/elenaelzaurdia.fpcei.eu\/index.php?rest_route=\/wp\/v2\/pages\/27\/revisions\/120"}],"wp:attachment":[{"href":"https:\/\/elenaelzaurdia.fpcei.eu\/index.php?rest_route=%2Fwp%2Fv2%2Fmedia&parent=27"}],"curies":[{"name":"wp","href":"https:\/\/api.w.org\/{rel}","templated":true}]}}